{"id":587,"date":"2022-11-22T08:31:15","date_gmt":"2022-11-22T07:31:15","guid":{"rendered":"https:\/\/mission-freedom.eu\/?page_id=587"},"modified":"2023-01-12T15:09:55","modified_gmt":"2023-01-12T14:09:55","slug":"60-tage-regel","status":"publish","type":"page","link":"https:\/\/mission-freedom.eu\/en\/firmenguendung\/60-tage-regel\/","title":{"rendered":"60 Day Rule"},"content":{"rendered":"<p>[et_pb_section fb_built=&#8220;1&#8243; _builder_version=&#8220;4.19.1&#8243; _module_preset=&#8220;default&#8220; use_background_color_gradient=&#8220;on&#8220; background_color_gradient_stops=&#8220;rgba(255,255,255,0) 45%|#002244 100%&#8220; background_color_gradient_overlays_image=&#8220;on&#8220; background_image=&#8220;https:\/\/mission-freedom.eu\/wp-content\/uploads\/2022\/12\/IMG_3239-scaled.jpg&#8220; height=&#8220;450px&#8220; global_colors_info=&#8220;{}&#8220;][et_pb_row _builder_version=&#8220;4.19.1&#8243; _module_preset=&#8220;default&#8220; global_colors_info=&#8220;{}&#8220;][et_pb_column type=&#8220;4_4&#8243; _builder_version=&#8220;4.19.1&#8243; _module_preset=&#8220;default&#8220; global_colors_info=&#8220;{}&#8220;][et_pb_text _builder_version=&#8220;4.19.1&#8243; _module_preset=&#8220;default&#8220; header_font=&#8220;|||||on|||&#8220; header_text_color=&#8220;#FFFFFF&#8220; header_font_size=&#8220;50px&#8220; transform_translate=&#8220;0px|230px&#8220; transform_translate_linked=&#8220;off&#8220; global_colors_info=&#8220;{}&#8220;]<\/p>\n<h1>The 60 days rule<\/h1>\n<p>[\/et_pb_text][\/et_pb_column][\/et_pb_row][\/et_pb_section][et_pb_section fb_built=&#8220;1&#8243; _builder_version=&#8220;4.19.1&#8243; _module_preset=&#8220;default&#8220; custom_padding=&#8220;||3px|||&#8220; global_colors_info=&#8220;{}&#8220;][et_pb_row _builder_version=&#8220;4.19.1&#8243; _module_preset=&#8220;default&#8220; custom_margin=&#8220;-10px|auto||auto||&#8220; custom_padding=&#8220;13px|||||&#8220; global_colors_info=&#8220;{}&#8220;][et_pb_column type=&#8220;4_4&#8243; _builder_version=&#8220;4.19.1&#8243; _module_preset=&#8220;default&#8220; global_colors_info=&#8220;{}&#8220;][et_pb_text _builder_version=&#8220;4.19.1&#8243; _module_preset=&#8220;default&#8220; text_font_size=&#8220;15px&#8220; text_line_height=&#8220;1.8em&#8220; global_colors_info=&#8220;{}&#8220;]<\/p>\n<p><strong>The 183-day rule applies in most states. <\/strong><\/p>\n<p>This means that a minimum stay of 183 days per calendar year triggers the personal tax liability in a country. If more than half of the year is spent in a country, this generally triggers tax liability on worldwide income. Exceptions are, for example, the USA, where tax liability is linked to citizenship.<\/p>\n<p><strong> Cyprus is an exception to this rule<\/strong>. For the Non Dom status in Cyprus are sufficient <strong>60 days<\/strong> Minimum stay per year, which of course do not have to be spent at a stretch.<\/p>\n<p>[\/et_pb_text][\/et_pb_column][\/et_pb_row][et_pb_row _builder_version=&#8220;4.19.1&#8243; _module_preset=&#8220;default&#8220; custom_margin=&#8220;10px|auto||auto||&#8220; custom_padding=&#8220;||1px|||&#8220; global_colors_info=&#8220;{}&#8220;][et_pb_column type=&#8220;4_4&#8243; _builder_version=&#8220;4.19.1&#8243; _module_preset=&#8220;default&#8220; global_colors_info=&#8220;{}&#8220;][et_pb_text _builder_version=&#8220;4.19.2&#8243; _module_preset=&#8220;default&#8220; header_3_text_color=&#8220;#024e7e&#8220; header_3_line_height=&#8220;1.3em&#8220; header_4_text_color=&#8220;#024e7e&#8220; global_colors_info=&#8220;{}&#8220;]<\/p>\n<h3>Requirements for the \"60-day rule\" for tax residence of Cyprus is met for persons who:<\/h3>\n<p>[\/et_pb_text][\/et_pb_column][\/et_pb_row][et_pb_row column_structure=&#8220;1_2,1_2&#8243; _builder_version=&#8220;4.19.1&#8243; _module_preset=&#8220;default&#8220; custom_margin=&#8220;11px|auto||auto||&#8220; custom_padding=&#8220;8px|||||&#8220; global_colors_info=&#8220;{}&#8220;][et_pb_column type=&#8220;1_2&#8243; _builder_version=&#8220;4.19.1&#8243; _module_preset=&#8220;default&#8220; global_colors_info=&#8220;{}&#8220;][et_pb_text _builder_version=&#8220;4.19.1&#8243; _module_preset=&#8220;default&#8220; text_font_size=&#8220;15px&#8220; custom_padding=&#8220;||0px|||&#8220; global_colors_info=&#8220;{}&#8220;]<\/p>\n<ul>\n<li>has not resided in any other individual state for a total period of more than 183 days.<\/li>\n<\/ul>\n<p>[\/et_pb_text][et_pb_text _builder_version=&#8220;4.19.2&#8243; _module_preset=&#8220;default&#8220; text_font_size=&#8220;15px&#8220; text_line_height=&#8220;1em&#8220; ul_line_height=&#8220;1.5em&#8220; custom_margin=&#8220;-36px|||||&#8220; custom_padding=&#8220;0px|||||&#8220; global_colors_info=&#8220;{}&#8220;]<\/p>\n<ul>\n<li>\u00a0is not classified as a tax resident by any other state.<\/li>\n<\/ul>\n<p>[\/et_pb_text][et_pb_text _builder_version=&#8220;4.19.2&#8243; _module_preset=&#8220;default&#8220; text_font_size=&#8220;15px&#8220; ul_line_height=&#8220;1.5em&#8220; custom_margin=&#8220;-36px|||||&#8220; custom_padding=&#8220;0px||0px|||&#8220; global_colors_info=&#8220;{}&#8220;]<\/p>\n<ul>\n<li>\u00a0resides in Cyprus for at least 60 days.<\/li>\n<\/ul>\n<p>[\/et_pb_text][et_pb_text _builder_version=&#8220;4.19.2&#8243; _module_preset=&#8220;default&#8220; text_font_size=&#8220;15px&#8220; ul_line_height=&#8220;1.5em&#8220; min_height=&#8220;51px&#8220; custom_margin=&#8220;-35px||-15px||false|false&#8220; custom_padding=&#8220;0px||0px|||&#8220; global_colors_info=&#8220;{}&#8220;]<\/p>\n<ul>\n<li>has other defined Cyprus links.<\/li>\n<\/ul>\n<p>[\/et_pb_text][et_pb_text _builder_version=&#8220;4.19.2&#8243; _module_preset=&#8220;default&#8220; text_font_size=&#8220;15px&#8220; custom_margin=&#8220;-21px||-14px|||&#8220; custom_padding=&#8220;18px|||||&#8220; global_colors_info=&#8220;{}&#8220;]<\/p>\n<ul>\n<li>(this individual must carry on a business in Cyprus and\/or be employed in Cyprus and\/or hold office (director) of a Cyprus taxable company at some time during the tax year, this must be so throughout the tax year).<\/li>\n<\/ul>\n<p>[\/et_pb_text][et_pb_text _builder_version=&#8220;4.19.2&#8243; _module_preset=&#8220;default&#8220; text_font_size=&#8220;15px&#8220; min_height=&#8220;140px&#8220; custom_margin=&#8220;11px||0px||false|false&#8220; custom_padding=&#8220;||8px|||&#8220; global_colors_info=&#8220;{}&#8220;]<\/p>\n<ul>\n<li>In addition, the individual must maintain a permanent residential property in Cyprus during the tax year, which is either owned or rented by the individual.<\/li>\n<\/ul>\n<p>[\/et_pb_text][\/et_pb_column][et_pb_column type=&#8220;1_2&#8243; _builder_version=&#8220;4.19.1&#8243; _module_preset=&#8220;default&#8220; global_colors_info=&#8220;{}&#8220;][et_pb_text _builder_version=&#8220;4.19.2&#8243; _module_preset=&#8220;default&#8220; text_text_color=&#8220;#000000&#8243; text_font_size=&#8220;15px&#8220; text_line_height=&#8220;1.9em&#8220; background_color=&#8220;#f2f2f2&#8243; custom_margin=&#8220;14px|4px|6px|-8px|false|false&#8220; custom_padding=&#8220;25px|40px|25px|40px|true|true&#8220; border_radii=&#8220;on|10px|10px|10px|10px&#8220; border_width_all=&#8220;1px&#8220; border_color_all=&#8220;#024e7e&#8220; global_colors_info=&#8220;{}&#8220;]<\/p>\n<p>However, care should be taken to comply with the provisions and requirements of the regulations in the country of origin and the 60-day regulations and to document them subsequently, because in case of doubt, the country of citizenship has the prerogative to tax if the proof of the center of life is spongy.<\/p>\n<p>[\/et_pb_text][\/et_pb_column][\/et_pb_row][\/et_pb_section][et_pb_section fb_built=&#8220;1&#8243; _builder_version=&#8220;4.19.1&#8243; _module_preset=&#8220;default&#8220; background_color=&#8220;#f2f2f2&#8243; custom_padding=&#8220;||63px|||&#8220; global_colors_info=&#8220;{}&#8220;][et_pb_row _builder_version=&#8220;4.19.1&#8243; _module_preset=&#8220;default&#8220; global_colors_info=&#8220;{}&#8220;][et_pb_column type=&#8220;4_4&#8243; _builder_version=&#8220;4.19.1&#8243; _module_preset=&#8220;default&#8220; global_colors_info=&#8220;{}&#8220;][et_pb_text _builder_version=&#8220;4.19.1&#8243; _module_preset=&#8220;default&#8220; text_line_height=&#8220;1.8em&#8220; header_3_text_color=&#8220;#024e7e&#8220; header_4_text_color=&#8220;#024e7e&#8220; global_colors_info=&#8220;{}&#8220;]<\/p>\n<h3>Important to know:<\/h3>\n<p>Day of departure from Cyprus is considered as day of stay outside Cyprus. Day of arrival in Cyprus counts as a day of stay in Cyprus. Arrival and departure from Cyprus on the same day counts as one day of stay in Cyprus. Departure and arrival in Cyprus on the same day count as one day of stay outside Cyprus.<\/p>\n<p>The best solution is at the end of the fixed residence in Cyprus and you should stay less than 100 days in the country of origin!<\/p>\n<p>We can assist you in all aspects and further we offer with our real estate department a large portfolio of rental and purchase properties and work with a large network of licensed cooperation partners and local brokers.<\/p>\n<p>[\/et_pb_text][\/et_pb_column][\/et_pb_row][\/et_pb_section][et_pb_section fb_built=&#8220;1&#8243; _builder_version=&#8220;4.19.1&#8243; _module_preset=&#8220;default&#8220; background_color=&#8220;rgba(0,34,68,0.78)&#8220; background_enable_mask_style=&#8220;on&#8220; background_mask_style=&#8220;floating-squares&#8220; background_mask_color=&#8220;#002244&#8243; custom_padding=&#8220;35px|||||&#8220; locked=&#8220;off&#8220; global_colors_info=&#8220;{}&#8220;][et_pb_row _builder_version=&#8220;4.19.1&#8243; _module_preset=&#8220;default&#8220; global_colors_info=&#8220;{}&#8220;][et_pb_column type=&#8220;4_4&#8243; _builder_version=&#8220;4.19.1&#8243; _module_preset=&#8220;default&#8220; global_colors_info=&#8220;{}&#8220;][et_pb_text _builder_version=&#8220;4.19.1&#8243; _module_preset=&#8220;default&#8220; header_2_text_color=&#8220;#FFFFFF&#8220; header_2_font_size=&#8220;30px&#8220; global_colors_info=&#8220;{}&#8220;]<\/p>\n<h2 style=\"text-align: center;\">We will gladly answer your questions<\/h2>\n<p>[\/et_pb_text][\/et_pb_column][\/et_pb_row][et_pb_row column_structure=&#8220;1_2,1_2&#8243; _builder_version=&#8220;4.19.1&#8243; _module_preset=&#8220;default&#8220; custom_margin=&#8220;-16px|auto||auto||&#8220; custom_padding=&#8220;31px|||||&#8220; global_colors_info=&#8220;{}&#8220;][et_pb_column type=&#8220;1_2&#8243; _builder_version=&#8220;4.19.1&#8243; _module_preset=&#8220;default&#8220; global_colors_info=&#8220;{}&#8220;][et_pb_text _builder_version=&#8220;4.19.1&#8243; _module_preset=&#8220;default&#8220; text_text_color=&#8220;#FFFFFF&#8220; text_font_size=&#8220;17px&#8220; header_2_text_color=&#8220;#FFFFFF&#8220; header_2_line_height=&#8220;2em&#8220; header_3_text_color=&#8220;#f9b233&#8243; header_3_font_size=&#8220;25px&#8220; custom_padding=&#8220;|0px||||&#8220; global_colors_info=&#8220;{}&#8220;]<\/p>\n<p style=\"text-align: center;\">Write to us now via Whatsapp<\/p>\n<h3 style=\"text-align: center;\">+49 1708161488<\/h3>\n<p>&nbsp;<\/p>\n<p>[\/et_pb_text][\/et_pb_column][et_pb_column type=&#8220;1_2&#8243; _builder_version=&#8220;4.19.1&#8243; _module_preset=&#8220;default&#8220; global_colors_info=&#8220;{}&#8220;][et_pb_text _builder_version=&#8220;4.19.2&#8243; _module_preset=&#8220;default&#8220; text_text_color=&#8220;#ffffff&#8220; text_font_size=&#8220;17px&#8220; hover_enabled=&#8220;0&#8243; global_colors_info=&#8220;{}&#8220; sticky_enabled=&#8220;0&#8243;]<\/p>\n<p style=\"text-align: center;\">Get in touch with us!<\/p>\n<p>[\/et_pb_text][et_pb_button button_url=&#8220;https:\/\/mission-freedom.eu\/kontakt\/&#8220; button_text=&#8220;Kontaktieren Sie uns!&#8220; button_alignment=&#8220;center&#8220; _builder_version=&#8220;4.19.1&#8243; _module_preset=&#8220;default&#8220; transform_translate=&#8220;0px|-17px&#8220; transform_translate_linked=&#8220;off&#8220; global_colors_info=&#8220;{}&#8220;][\/et_pb_button][\/et_pb_column][\/et_pb_row][\/et_pb_section]<\/p>","protected":false},"excerpt":{"rendered":"<p>Die 60 Tage RegelIn den meisten Staaten gilt die 183 Tage Regelung. Das hei\u00dft dass mit einem Mindestaufenthalt pro Kalenderjahr von 183 Tagen die pers\u00f6nliche Steuerpflicht in einem Staat ausgel\u00f6st wird. Wenn also mehr als die H\u00e4lfte des Jahres in einem Land verbracht wird l\u00f6st das in der Regel die Steuerpflicht auf das weltweite Einkommen [&hellip;]<\/p>","protected":false},"author":7,"featured_media":0,"parent":560,"menu_order":0,"comment_status":"closed","ping_status":"closed","template":"","meta":{"_et_pb_use_builder":"on","_et_pb_old_content":"<!-- wp:divi\/placeholder \/-->","_et_gb_content_width":"","footnotes":""},"class_list":["post-587","page","type-page","status-publish","hentry"],"jetpack_sharing_enabled":true,"_links":{"self":[{"href":"https:\/\/mission-freedom.eu\/en\/wp-json\/wp\/v2\/pages\/587","targetHints":{"allow":["GET"]}}],"collection":[{"href":"https:\/\/mission-freedom.eu\/en\/wp-json\/wp\/v2\/pages"}],"about":[{"href":"https:\/\/mission-freedom.eu\/en\/wp-json\/wp\/v2\/types\/page"}],"author":[{"embeddable":true,"href":"https:\/\/mission-freedom.eu\/en\/wp-json\/wp\/v2\/users\/7"}],"replies":[{"embeddable":true,"href":"https:\/\/mission-freedom.eu\/en\/wp-json\/wp\/v2\/comments?post=587"}],"version-history":[{"count":18,"href":"https:\/\/mission-freedom.eu\/en\/wp-json\/wp\/v2\/pages\/587\/revisions"}],"predecessor-version":[{"id":1113,"href":"https:\/\/mission-freedom.eu\/en\/wp-json\/wp\/v2\/pages\/587\/revisions\/1113"}],"up":[{"embeddable":true,"href":"https:\/\/mission-freedom.eu\/en\/wp-json\/wp\/v2\/pages\/560"}],"wp:attachment":[{"href":"https:\/\/mission-freedom.eu\/en\/wp-json\/wp\/v2\/media?parent=587"}],"curies":[{"name":"wp","href":"https:\/\/api.w.org\/{rel}","templated":true}]}}