{"id":591,"date":"2022-11-22T08:32:28","date_gmt":"2022-11-22T07:32:28","guid":{"rendered":"https:\/\/mission-freedom.eu\/?page_id=591"},"modified":"2023-01-12T15:11:19","modified_gmt":"2023-01-12T14:11:19","slug":"wohnsitz","status":"publish","type":"page","link":"https:\/\/mission-freedom.eu\/en\/immigration\/wohnsitz\/","title":{"rendered":"Residence"},"content":{"rendered":"<p>[et_pb_section fb_built=&#8220;1&#8243; _builder_version=&#8220;4.19.1&#8243; _module_preset=&#8220;default&#8220; use_background_color_gradient=&#8220;on&#8220; background_color_gradient_stops=&#8220;rgba(255,255,255,0) 46%|rgba(0,34,68,0.91) 100%&#8220; background_color_gradient_overlays_image=&#8220;on&#8220; background_image=&#8220;https:\/\/mission-freedom.eu\/wp-content\/uploads\/2022\/12\/IMG_3205-scaled.jpg&#8220; background_position=&#8220;bottom_center&#8220; background_vertical_offset=&#8220;12%&#8220; background_repeat=&#8220;repeat&#8220; height=&#8220;450px&#8220; filter_hue_rotate=&#8220;2deg&#8220; filter_saturate=&#8220;112%&#8220; filter_brightness=&#8220;103%&#8220; filter_contrast=&#8220;110%&#8220; global_colors_info=&#8220;{}&#8220;][et_pb_row _builder_version=&#8220;4.19.1&#8243; _module_preset=&#8220;default&#8220; transform_translate=&#8220;0px|220px&#8220; transform_translate_linked=&#8220;off&#8220; global_colors_info=&#8220;{}&#8220;][et_pb_column type=&#8220;4_4&#8243; _builder_version=&#8220;4.18.0&#8243; _module_preset=&#8220;default&#8220; global_colors_info=&#8220;{}&#8220;][et_pb_text _builder_version=&#8220;4.19.2&#8243; _module_preset=&#8220;default&#8220; header_font=&#8220;|||||on|||&#8220; header_text_color=&#8220;#FFFFFF&#8220; header_font_size=&#8220;60px&#8220; header_font_size_tablet=&#8220;60px&#8220; header_font_size_phone=&#8220;47px&#8220; header_font_size_last_edited=&#8220;on|phone&#8220; global_colors_info=&#8220;{}&#8220;]<\/p>\n<h1>Taking up residence<\/h1>\n<p>[\/et_pb_text][\/et_pb_column][\/et_pb_row][\/et_pb_section][et_pb_section fb_built=&#8220;1&#8243; _builder_version=&#8220;4.19.1&#8243; _module_preset=&#8220;default&#8220; custom_padding=&#8220;39px||29px|||&#8220; global_colors_info=&#8220;{}&#8220;][et_pb_row _builder_version=&#8220;4.19.1&#8243; _module_preset=&#8220;default&#8220; custom_margin=&#8220;-14px|auto||auto||&#8220; global_colors_info=&#8220;{}&#8220;][et_pb_column type=&#8220;4_4&#8243; _builder_version=&#8220;4.19.1&#8243; _module_preset=&#8220;default&#8220; global_colors_info=&#8220;{}&#8220;][et_pb_text _builder_version=&#8220;4.19.1&#8243; _module_preset=&#8220;default&#8220; header_4_text_color=&#8220;#024e7e&#8220; header_4_line_height=&#8220;1.4em&#8220; global_colors_info=&#8220;{}&#8220;]<\/p>\n<h4>We will assist you in taking up residence and plan according to your specifications and needs <br \/><strong>Your stress free relocation to Cyprus<\/strong>.<\/h4>\n<p>[\/et_pb_text][et_pb_text _builder_version=&#8220;4.19.1&#8243; _module_preset=&#8220;default&#8220; text_font_size=&#8220;15px&#8220; text_line_height=&#8220;1.8em&#8220; header_5_line_height=&#8220;2em&#8220; custom_margin=&#8220;-12px|||||&#8220; global_colors_info=&#8220;{}&#8220;]<\/p>\n<p>Accommodation is easy to find in Cyprus, but there are differences in quality compared to the German real estate market and does not always correspond to the ideas and features that you are used to from Germany. For example, most houses do not have central heating, because on average on 300 days the sun shines, but from experience we can assure you that it can be cool in the winter months from November to February. Especially at night the temperatures can drop to +5\u00b0 Celsius. (this depends on which region you live in).<\/p>\n<p>In the last 10 years, mainly vacation properties were built, villas and apartments have been equipped mostly only for summer operation and who can then heat his house \/ villa \/ apartment only with air conditioning, must calculate with very high electricity costs. Only in the last 2-3 years since it draws more and more Europeans because of the tax advantages and the predominantly pleasant climate to Cyprus, new buildings are equipped due to legal EU requirements with modern technology such as PV, solar and insulation.<\/p>\n<p>[\/et_pb_text][et_pb_text _builder_version=&#8220;4.19.1&#8243; _module_preset=&#8220;default&#8220; header_3_text_color=&#8220;#024e7e&#8220; custom_margin=&#8220;||6px|||&#8220; global_colors_info=&#8220;{}&#8220;]<\/p>\n<h3>Registration office<\/h3>\n<p>[\/et_pb_text][et_pb_text _builder_version=&#8220;4.19.1&#8243; _module_preset=&#8220;default&#8220; text_font_size=&#8220;15px&#8220; global_colors_info=&#8220;{}&#8220;]<\/p>\n<p>We will assist you with the registration of your new address.<\/p>\n<p>[\/et_pb_text][\/et_pb_column][\/et_pb_row][\/et_pb_section][et_pb_section fb_built=&#8220;1&#8243; _builder_version=&#8220;4.19.1&#8243; _module_preset=&#8220;default&#8220; background_color=&#8220;#f2f2f2&#8243; custom_padding=&#8220;46px|||||&#8220; global_colors_info=&#8220;{}&#8220;][et_pb_row column_structure=&#8220;1_2,1_2&#8243; _builder_version=&#8220;4.19.1&#8243; _module_preset=&#8220;default&#8220; custom_padding=&#8220;25px|||||&#8220; global_colors_info=&#8220;{}&#8220;][et_pb_column type=&#8220;1_2&#8243; _builder_version=&#8220;4.19.1&#8243; _module_preset=&#8220;default&#8220; global_colors_info=&#8220;{}&#8220;][et_pb_text _builder_version=&#8220;4.19.1&#8243; _module_preset=&#8220;default&#8220; text_text_color=&#8220;#000000&#8243; text_font_size=&#8220;16px&#8220; text_line_height=&#8220;1.8em&#8220; header_2_text_color=&#8220;#024e7e&#8220; global_colors_info=&#8220;{}&#8220;]<\/p>\n<h2>Relocation<\/h2>\n<p>We work together with cooperative partners,<br \/>who will collect your removal goods with pallets or containers from your home location and ship them to Cyprus.<\/p>\n<p>[\/et_pb_text][\/et_pb_column][et_pb_column type=&#8220;1_2&#8243; _builder_version=&#8220;4.19.1&#8243; _module_preset=&#8220;default&#8220; global_colors_info=&#8220;{}&#8220;][et_pb_text _builder_version=&#8220;4.19.1&#8243; _module_preset=&#8220;default&#8220; text_text_color=&#8220;#000000&#8243; text_font_size=&#8220;17px&#8220; header_2_text_color=&#8220;#024e7e&#8220; custom_margin=&#8220;||11px|||&#8220; custom_padding=&#8220;0px|||||&#8220; global_colors_info=&#8220;{}&#8220;]<\/p>\n<p>&nbsp;<\/p>\n<p>Get a free quote.<\/p>\n<p>[\/et_pb_text][et_pb_button button_url=&#8220;https:\/\/mission-freedom.eu\/kontakt\/&#8220; button_text=&#8220;Anfrage schicken&#8220; _builder_version=&#8220;4.19.1&#8243; _module_preset=&#8220;default&#8220; global_colors_info=&#8220;{}&#8220;][\/et_pb_button][\/et_pb_column][\/et_pb_row][\/et_pb_section][et_pb_section fb_built=&#8220;1&#8243; _builder_version=&#8220;4.19.1&#8243; _module_preset=&#8220;default&#8220; background_color=&#8220;rgba(0,34,68,0.78)&#8220; background_enable_mask_style=&#8220;on&#8220; background_mask_style=&#8220;floating-squares&#8220; background_mask_color=&#8220;#002244&#8243; custom_padding=&#8220;35px|||||&#8220; locked=&#8220;off&#8220; global_colors_info=&#8220;{}&#8220;][et_pb_row _builder_version=&#8220;4.19.1&#8243; _module_preset=&#8220;default&#8220; global_colors_info=&#8220;{}&#8220;][et_pb_column type=&#8220;4_4&#8243; _builder_version=&#8220;4.19.1&#8243; _module_preset=&#8220;default&#8220; global_colors_info=&#8220;{}&#8220;][et_pb_text _builder_version=&#8220;4.19.1&#8243; _module_preset=&#8220;default&#8220; header_2_text_color=&#8220;#FFFFFF&#8220; header_2_font_size=&#8220;30px&#8220; global_colors_info=&#8220;{}&#8220;]<\/p>\n<h2 style=\"text-align: center;\">We will gladly answer your questions<\/h2>\n<p>[\/et_pb_text][\/et_pb_column][\/et_pb_row][et_pb_row column_structure=&#8220;1_2,1_2&#8243; _builder_version=&#8220;4.19.1&#8243; _module_preset=&#8220;default&#8220; custom_margin=&#8220;-16px|auto||auto||&#8220; custom_padding=&#8220;31px|||||&#8220; global_colors_info=&#8220;{}&#8220;][et_pb_column type=&#8220;1_2&#8243; _builder_version=&#8220;4.19.1&#8243; _module_preset=&#8220;default&#8220; global_colors_info=&#8220;{}&#8220;][et_pb_text _builder_version=&#8220;4.19.1&#8243; _module_preset=&#8220;default&#8220; text_text_color=&#8220;#FFFFFF&#8220; text_font_size=&#8220;17px&#8220; header_2_text_color=&#8220;#FFFFFF&#8220; header_2_line_height=&#8220;2em&#8220; header_3_text_color=&#8220;#f9b233&#8243; header_3_font_size=&#8220;25px&#8220; custom_padding=&#8220;|0px||||&#8220; global_colors_info=&#8220;{}&#8220;]<\/p>\n<p style=\"text-align: center;\">Write to us now via Whatsapp<\/p>\n<h3 style=\"text-align: center;\">+49 1708161488<\/h3>\n<p>&nbsp;<\/p>\n<p>[\/et_pb_text][\/et_pb_column][et_pb_column type=&#8220;1_2&#8243; _builder_version=&#8220;4.19.1&#8243; _module_preset=&#8220;default&#8220; global_colors_info=&#8220;{}&#8220;][et_pb_text _builder_version=&#8220;4.19.2&#8243; _module_preset=&#8220;default&#8220; text_text_color=&#8220;#ffffff&#8220; text_font_size=&#8220;17px&#8220; hover_enabled=&#8220;0&#8243; global_colors_info=&#8220;{}&#8220; sticky_enabled=&#8220;0&#8243;]<\/p>\n<p style=\"text-align: center;\">Get in touch with us!<\/p>\n<p>[\/et_pb_text][et_pb_button button_url=&#8220;https:\/\/mission-freedom.eu\/kontakt\/&#8220; button_text=&#8220;Kontaktieren Sie uns!&#8220; button_alignment=&#8220;center&#8220; _builder_version=&#8220;4.19.1&#8243; _module_preset=&#8220;default&#8220; transform_translate=&#8220;0px|-17px&#8220; transform_translate_linked=&#8220;off&#8220; global_colors_info=&#8220;{}&#8220;][\/et_pb_button][\/et_pb_column][\/et_pb_row][\/et_pb_section]<\/p>","protected":false},"excerpt":{"rendered":"<p>WohnsitznahmeWir sind ihnen bei der Wohnsitznahme behilflich und planen nach Ihren Vorgaben und Bed\u00fcrfnissen Ihren stressfreien Umzug nach Zypern.Eine Unterkunft ist auf Zypern einfach zu finden, jedoch gibt es Qualit\u00e4tsunterschiede gegen\u00fcber dem deutschen Immobilienmarkt und entspricht nicht immer den Vorstellungen und Ausstattungsmerkmalen, die man aus Deutschland gewohnt ist. So haben beispielsweise die meisten H\u00e4user keine [&hellip;]<\/p>","protected":false},"author":7,"featured_media":0,"parent":566,"menu_order":0,"comment_status":"closed","ping_status":"closed","template":"","meta":{"_et_pb_use_builder":"on","_et_pb_old_content":"<!-- wp:divi\/placeholder \/-->","_et_gb_content_width":"","footnotes":""},"class_list":["post-591","page","type-page","status-publish","hentry"],"jetpack_sharing_enabled":true,"_links":{"self":[{"href":"https:\/\/mission-freedom.eu\/en\/wp-json\/wp\/v2\/pages\/591","targetHints":{"allow":["GET"]}}],"collection":[{"href":"https:\/\/mission-freedom.eu\/en\/wp-json\/wp\/v2\/pages"}],"about":[{"href":"https:\/\/mission-freedom.eu\/en\/wp-json\/wp\/v2\/types\/page"}],"author":[{"embeddable":true,"href":"https:\/\/mission-freedom.eu\/en\/wp-json\/wp\/v2\/users\/7"}],"replies":[{"embeddable":true,"href":"https:\/\/mission-freedom.eu\/en\/wp-json\/wp\/v2\/comments?post=591"}],"version-history":[{"count":12,"href":"https:\/\/mission-freedom.eu\/en\/wp-json\/wp\/v2\/pages\/591\/revisions"}],"predecessor-version":[{"id":1115,"href":"https:\/\/mission-freedom.eu\/en\/wp-json\/wp\/v2\/pages\/591\/revisions\/1115"}],"up":[{"embeddable":true,"href":"https:\/\/mission-freedom.eu\/en\/wp-json\/wp\/v2\/pages\/566"}],"wp:attachment":[{"href":"https:\/\/mission-freedom.eu\/en\/wp-json\/wp\/v2\/media?parent=591"}],"curies":[{"name":"wp","href":"https:\/\/api.w.org\/{rel}","templated":true}]}}